{"id":48244,"date":"2016-10-04T14:04:05","date_gmt":"2016-10-04T12:04:05","guid":{"rendered":"https:\/\/www.basiaudiofisarmonica.it\/prodotto\/uncategorized\/%product_name%\/parigino-%d0%bf%d0%b0%d1%80%d0%b8%d0%b6%d1%81%d0%ba%d0%b8%d0%b9-%d0%b2%d0%b0%d0%bb%d1%8c%d1%81-%d0%bc%d1%8e%d0%b7%d0%b5%d1%82%d1%82\/"},"modified":"2024-05-02T20:09:41","modified_gmt":"2024-05-02T18:09:41","slug":"parigino-%d0%bf%d0%b0%d1%80%d0%b8%d0%b6%d1%81%d0%ba%d0%b8%d0%b9-%d0%b2%d0%b0%d0%bb%d1%8c%d1%81-%d0%bc%d1%8e%d0%b7%d0%b5%d1%82%d1%82","status":"publish","type":"product","link":"https:\/\/www.basiaudiofisarmonica.it\/ru\/product-ru\/lisciostandard-ru\/valzer-ru\/parigino-%d0%bf%d0%b0%d1%80%d0%b8%d0%b6%d1%81%d0%ba%d0%b8%d0%b9-%d0%b2%d0%b0%d0%bb%d1%8c%d1%81-%d0%bc%d1%8e%d0%b7%d0%b5%d1%82%d1%82\/","title":{"rendered":"PARIGINO (\u041f\u0410\u0420\u0418\u0416\u0421\u041a\u0418\u0419) \u0432\u0430\u043b\u044c\u0441 \u043c\u044e\u0437\u0435\u0442\u0442"},"content":{"rendered":"<p><a href=\"https:\/\/www.basiaudiofisarmonica.it\/wp-content\/uploads\/2016\/10\/Immagine-20.png\"><img loading=\"lazy\" decoding=\"async\" class=\"alignnone size-thumbnail wp-image-24910\" src=\"https:\/\/www.basiaudiofisarmonica.it\/wp-content\/uploads\/2016\/10\/Immagine-20-150x150.png\" alt=\"immagine-20\" width=\"150\" height=\"150\" srcset=\"https:\/\/www.basiaudiofisarmonica.it\/wp-content\/uploads\/2016\/10\/Immagine-20-150x150.png 150w, https:\/\/www.basiaudiofisarmonica.it\/wp-content\/uploads\/2016\/10\/Immagine-20-200x200.png 200w, https:\/\/www.basiaudiofisarmonica.it\/wp-content\/uploads\/2016\/10\/Immagine-20-100x100.png 100w, https:\/\/www.basiaudiofisarmonica.it\/wp-content\/uploads\/2016\/10\/Immagine-20-60x60.png 60w\" sizes=\"auto, (max-width: 150px) 100vw, 150px\" \/><\/a><\/p>\n","protected":false},"excerpt":{"rendered":"<p>(1980) \u0438\u0437 \u0430\u043b\u044c\u0431\u043e\u043c\u0430 &#171;\u041a\u0410\u0421\u0422\u0415\u041b\u041b\u0418\u041d\u0410-\u041f\u0410\u0421\u0418 \u0422\u043e\u043c 19 &#8212; \u041f\u043e\u0435\u0437\u0434 \u043c\u0435\u0447\u0442\u044b&#187;<\/p>\n","protected":false},"featured_media":41860,"template":"","meta":{"_acf_changed":false,"_joinchat":[],"jetpack_publicize_message":"","jetpack_publicize_feature_enabled":true,"jetpack_social_post_already_shared":false,"jetpack_social_options":{"image_generator_settings":{"template":"highway","default_image_id":0,"font":"","enabled":false},"version":2}},"product_brand":[],"product_cat":[5075,5133,5224,5159],"product_tag":[5597,5602,7239,6381,7400],"class_list":{"0":"post-48244","1":"product","2":"type-product","3":"status-publish","4":"has-post-thumbnail","6":"product_cat-castellina-pasi-ru","7":"product_cat-lisciostandard-ru","8":"product_cat-strumentali-ru","9":"product_cat-valzer-ru","10":"product_tag-castellina-ru","11":"product_tag-castellina-pasi-ru","12":"product_tag-fisarmonica-ru","13":"product_tag-musette-ru","14":"product_tag-valzer-ru","15":"pa_formato-mp3-ru","16":"pa_formato-wav-16--44-1---","17":"pa_formato-4943","18":"pa_tush-finale-4036","19":"pa_tush-finale-4030","20":"pa_tush-finale-5011","21":"pa_varianti-4679","22":"pa_varianti-4685","23":"pa_varianti-5017","25":"first","26":"instock","27":"sold-individually","28":"taxable","29":"shipping-taxable","30":"purchasable","31":"product-type-variable"},"exclude_global_add_ons":false,"addons":[{"name":"\u0418\u043d\u0441\u0442\u0440\u0443\u043c\u0435\u043d\u0442\u044b \u0432\u044b\u0431\u043e\u0440\u0430 \u0438\u0441\u043a\u043b\u044e\u0447\u0435\u043d\u0438\u044f","type":"heading","position":0,"required":false,"title_format":"label","default":"","description_enable":false,"description":"","placeholder_enable":false,"placeholder":"","display":"select","restrictions_type":"any_text","adjust_price":false,"price":"","price_type":"flat_fee","restrictions":false,"min":"0","max":"0","options":[],"id":1708871801},{"name":"\u0418\u0441\u043a\u043b\u044e\u0447\u0435\u043d\u0438\u0435 \u0438\u043d\u0441\u0442\u0440\u0443\u043c\u0435\u043d\u0442\u043e\u0432","type":"custom_text","position":1,"required":false,"title_format":"label","default":"","description_enable":true,"description":"\u0423\u043a\u0430\u0436\u0438\u0442\u0435 \u0437\u0434\u0435\u0441\u044c \u043c\u0443\u0437\u044b\u043a\u0430\u043b\u044c\u043d\u044b\u0439 \u0438\u043d\u0441\u0442\u0440\u0443\u043c\u0435\u043d\u0442, \u043a\u043e\u0442\u043e\u0440\u044b\u0439 \u0432\u044b \u0445\u043e\u0442\u0438\u0442\u0435 \u0443\u0434\u0430\u043b\u0438\u0442\u044c:","placeholder_enable":false,"placeholder":"","display":"select","restrictions_type":"any_text","adjust_price":true,"price":"10","price_type":"quantity_based","restrictions":false,"min":"0","max":"0","options":[],"id":1708871802},{"name":"\u0418\u0437\u043c\u0435\u043d\u0435\u043d\u0438\u0435 \u0441\u043a\u043e\u0440\u043e\u0441\u0442\u0438","type":"heading","position":2,"required":false,"title_format":"label","default":"","description_enable":false,"description":"","placeholder_enable":false,"placeholder":"","display":"select","restrictions_type":"any_text","adjust_price":false,"price":"","price_type":"flat_fee","restrictions":false,"min":"0","max":"0","options":[],"id":1708871803},{"name":"\u0418\u0437\u043c\u0435\u043d\u0435\u043d\u0438\u0435 \u0441\u043a\u043e\u0440\u043e\u0441\u0442\u0438 \u0432 \u043c\u0438\u043d\u0443\u0442\u0443","type":"custom_text","position":3,"required":false,"title_format":"label","default":"","description_enable":true,"description":"\u0423\u043a\u0430\u0437\u044b\u0432\u0430\u0435\u0442 \u0436\u0435\u043b\u0430\u0435\u043c\u0443\u044e \u0441\u043a\u043e\u0440\u043e\u0441\u0442\u044c \u0432 Bpm:","placeholder_enable":false,"placeholder":"","display":"select","restrictions_type":"any_text","adjust_price":true,"price":"2","price_type":"quantity_based","restrictions":false,"min":"0","max":"0","options":[],"id":1708871804},{"name":"\u0422\u0440\u0430\u043d\u0441\u043f\u043e\u0440\u0442\u043d\u0430\u044f \u0442\u043e\u043d\u0430\u043b\u044c\u043d\u043e\u0441\u0442\u044c","type":"heading","position":4,"required":false,"title_format":"label","default":"","description_enable":false,"description":"","placeholder_enable":false,"placeholder":"","display":"select","restrictions_type":"any_text","adjust_price":false,"price":"","price_type":"flat_fee","restrictions":false,"min":"0","max":"0","options":[],"id":1708871805},{"name":"\u0422\u0440\u0430\u043d\u0441\u043f\u043e\u0440\u0442\u043d\u0430\u044f \u0442\u043e\u043d\u0430\u043b\u044c\u043d\u043e\u0441\u0442\u044c","type":"multiple_choice","position":5,"required":false,"title_format":"hide","default":"","description_enable":true,"description":"\u0423\u043a\u0430\u0437\u044b\u0432\u0430\u0435\u0442 \u043d\u0430 \u0436\u0435\u043b\u0430\u0435\u043c\u043e\u0435 \u0438\u0437\u043c\u0435\u043d\u0435\u043d\u0438\u0435 \u0442\u0435\u043c\u0431\u0440\u0430:","placeholder_enable":false,"placeholder":"","display":"select","restrictions_type":"any_text","adjust_price":false,"price":"","price_type":"flat_fee","restrictions":false,"min":"0","max":"0","options":[{"label":"+1 \u043f\u043e\u043b\u0443\u0442\u043e\u043d\u0430","price":"2","price_type":"quantity_based","image":0,"visibility":true},{"label":"+2 \u043f\u043e\u043b\u0443\u0442\u043e\u043d\u0430","price":"2","price_type":"quantity_based","image":0,"visibility":true},{"label":"+3 \u043f\u043e\u043b\u0443\u0442\u043e\u043d\u0430","price":"2","price_type":"quantity_based","image":0,"visibility":true},{"label":"-1 \u043f\u043e\u043b\u0443\u0442\u043e\u043d\u0430","price":"2","price_type":"quantity_based","image":0,"visibility":true},{"label":"-2 \u043f\u043e\u043b\u0443\u0442\u043e\u043d\u0430","price":"2","price_type":"quantity_based","image":0,"visibility":true},{"label":"-3 \u043f\u043e\u043b\u0443\u0442\u043e\u043d\u0430","price":"2","price_type":"quantity_based","image":0,"visibility":true}],"id":1708871806}],"acf":{"codice":"218","autori":"Castellina","durata":"3'50''","metronomo":"182","tonalita":"[:it] RE (2^parte LA, Trio in SOL) [:en] D (2nd part A, Trio in G)[:fr] R\u00e9 majeur (seconde partie La majeur, Trio en Sol majeur)[:de] D-Dur (zweiter Teil A-Dur, Trio in G-Dur) [:es] ReM (segunda parte LaM, tr\u00edo en SolM) [:pb] R\u00e9 maior (segunda parte L\u00e1 maior, trio em Sol maior) [:]","testi":"","spartiti":"[:it]DO [:en]C [:fr]Do [:de]C [:es]Do [:pb]D\u00f3 [:]","baf_demo_track":48245},"aioseo_notices":[],"jetpack_publicize_connections":[],"_links":{"self":[{"href":"https:\/\/www.basiaudiofisarmonica.it\/ru\/wp-json\/wp\/v2\/product\/48244","targetHints":{"allow":["GET"]}}],"collection":[{"href":"https:\/\/www.basiaudiofisarmonica.it\/ru\/wp-json\/wp\/v2\/product"}],"about":[{"href":"https:\/\/www.basiaudiofisarmonica.it\/ru\/wp-json\/wp\/v2\/types\/product"}],"wp:featuredmedia":[{"embeddable":true,"href":"https:\/\/www.basiaudiofisarmonica.it\/ru\/wp-json\/wp\/v2\/media\/41860"}],"wp:attachment":[{"href":"https:\/\/www.basiaudiofisarmonica.it\/ru\/wp-json\/wp\/v2\/media?parent=48244"}],"wp:term":[{"taxonomy":"product_brand","embeddable":true,"href":"https:\/\/www.basiaudiofisarmonica.it\/ru\/wp-json\/wp\/v2\/product_brand?post=48244"},{"taxonomy":"product_cat","embeddable":true,"href":"https:\/\/www.basiaudiofisarmonica.it\/ru\/wp-json\/wp\/v2\/product_cat?post=48244"},{"taxonomy":"product_tag","embeddable":true,"href":"https:\/\/www.basiaudiofisarmonica.it\/ru\/wp-json\/wp\/v2\/product_tag?post=48244"}],"curies":[{"name":"wp","href":"https:\/\/api.w.org\/{rel}","templated":true}]}}