{"id":41652,"date":"2012-09-15T20:07:51","date_gmt":"2012-09-15T18:07:51","guid":{"rendered":"https:\/\/www.basiaudiofisarmonica.it\/pagina-inicial\/"},"modified":"2012-09-15T20:07:51","modified_gmt":"2012-09-15T20:07:51","slug":"pagina-inicial","status":"publish","type":"page","link":"https:\/\/www.basiaudiofisarmonica.it\/pt-br\/","title":{"rendered":"P\u00e1gina inicial"},"content":{"rendered":"<p>Caro Amigo,<br \/>\nbem vindo ao site que permitir\u00e1 que voc\u00ea criar finalmente um vasto repert\u00f3rio, com as melhores pe\u00e7as cl\u00e1ssicas para sanfona instrumentos de sopro e cantores, colocando mais \u00eanfase em suas habilidades! Nossos Playbacks Profissionais s\u00e3o feitas com grava\u00e7\u00e3o ao vivo, estilo de dan\u00e7a italiana, especialmente para voc\u00ea, que suas noites que voc\u00ea sempre o melhor como um objectivo para o seu p\u00fablico! Insira o <a href=\"https:\/\/www.basiaudiofisarmonica.it\/catalogo\/\">Cat\u00e1logo<\/a> e ou\u00e7a demonstra\u00e7\u00f5es&#8230;<\/p>\n","protected":false},"excerpt":{"rendered":"<p>Caro Amigo, bem vindo ao site que permitir\u00e1 que voc\u00ea criar finalmente um vasto repert\u00f3rio, com as melhores pe\u00e7as cl\u00e1ssicas para sanfona instrumentos de sopro e cantores, colocando mais \u00eanfase em suas habilidades! Nossos Playbacks Profissionais s\u00e3o feitas com grava\u00e7\u00e3o ao vivo, estilo de dan\u00e7a italiana, especialmente para voc\u00ea, que suas noites que voc\u00ea sempre&hellip;<\/p>\n<p><a class=\"more-link\" href=\"https:\/\/www.basiaudiofisarmonica.it\/pt-br\/\" title=\"Continue reading &lsquo;P\u00e1gina inicial&rsquo;\">Continue reading <span class=\"meta-nav\">&rarr;<\/span><\/a><\/p>\n","protected":false},"author":4,"featured_media":0,"parent":0,"menu_order":0,"comment_status":"closed","ping_status":"closed","template":"page-templates\/front-page.php","meta":{"_acf_changed":false,"_joinchat":[],"footnotes":""},"class_list":["post-41652","page","type-page","status-publish","hentry"],"acf":[],"aioseo_notices":[],"_links":{"self":[{"href":"https:\/\/www.basiaudiofisarmonica.it\/pt-br\/wp-json\/wp\/v2\/pages\/41652","targetHints":{"allow":["GET"]}}],"collection":[{"href":"https:\/\/www.basiaudiofisarmonica.it\/pt-br\/wp-json\/wp\/v2\/pages"}],"about":[{"href":"https:\/\/www.basiaudiofisarmonica.it\/pt-br\/wp-json\/wp\/v2\/types\/page"}],"author":[{"embeddable":true,"href":"https:\/\/www.basiaudiofisarmonica.it\/pt-br\/wp-json\/wp\/v2\/users\/4"}],"replies":[{"embeddable":true,"href":"https:\/\/www.basiaudiofisarmonica.it\/pt-br\/wp-json\/wp\/v2\/comments?post=41652"}],"version-history":[{"count":0,"href":"https:\/\/www.basiaudiofisarmonica.it\/pt-br\/wp-json\/wp\/v2\/pages\/41652\/revisions"}],"wp:attachment":[{"href":"https:\/\/www.basiaudiofisarmonica.it\/pt-br\/wp-json\/wp\/v2\/media?parent=41652"}],"curies":[{"name":"wp","href":"https:\/\/api.w.org\/{rel}","templated":true}]}}