{"id":50603,"date":"2019-02-25T12:40:18","date_gmt":"2019-02-25T11:40:18","guid":{"rendered":"https:\/\/www.basiaudiofisarmonica.it\/prodotto\/sin categor\u00eda\/%product_name%\/chiquitita-mujer-cumbia\/"},"modified":"2019-02-25T12:40:18","modified_gmt":"2019-02-25T11:40:18","slug":"chiquitita-mujer-cumbia","status":"publish","type":"product","link":"https:\/\/www.basiaudiofisarmonica.it\/es\/producto\/baile-de-salon\/cumbia-es\/chiquitita-mujer-cumbia\/","title":{"rendered":"CHIQUITITA (Mujer) cumbia"},"content":{"rendered":"<p><a href=\"https:\/\/www.basiaudiofisarmonica.it\/wp-content\/uploads\/2019\/02\/Immagine-121.png\"><img loading=\"lazy\" decoding=\"async\" class=\"alignnone size-thumbnail wp-image-31687\" src=\"https:\/\/www.basiaudiofisarmonica.it\/wp-content\/uploads\/2019\/02\/Immagine-121-150x150.png\" alt=\"Immagine 121\" width=\"150\" height=\"150\" srcset=\"https:\/\/www.basiaudiofisarmonica.it\/wp-content\/uploads\/2019\/02\/Immagine-121-150x150.png 150w, https:\/\/www.basiaudiofisarmonica.it\/wp-content\/uploads\/2019\/02\/Immagine-121-200x200.png 200w, https:\/\/www.basiaudiofisarmonica.it\/wp-content\/uploads\/2019\/02\/Immagine-121-100x100.png 100w, https:\/\/www.basiaudiofisarmonica.it\/wp-content\/uploads\/2019\/02\/Immagine-121-350x351.png 350w, https:\/\/www.basiaudiofisarmonica.it\/wp-content\/uploads\/2019\/02\/Immagine-121-300x300.png 300w, https:\/\/www.basiaudiofisarmonica.it\/wp-content\/uploads\/2019\/02\/Immagine-121-768x770.png 768w, https:\/\/www.basiaudiofisarmonica.it\/wp-content\/uploads\/2019\/02\/Immagine-121-60x60.png 60w, https:\/\/www.basiaudiofisarmonica.it\/wp-content\/uploads\/2019\/02\/Immagine-121.png 950w\" sizes=\"auto, (max-width: 150px) 100vw, 150px\" \/><\/a><a href=\"https:\/\/www.basiaudiofisarmonica.it\/wp-content\/uploads\/2019\/02\/Immagine-122.png\"><img loading=\"lazy\" decoding=\"async\" class=\"alignnone size-thumbnail wp-image-31688\" src=\"https:\/\/www.basiaudiofisarmonica.it\/wp-content\/uploads\/2019\/02\/Immagine-122-150x150.png\" alt=\"Immagine 122\" width=\"150\" height=\"150\" srcset=\"https:\/\/www.basiaudiofisarmonica.it\/wp-content\/uploads\/2019\/02\/Immagine-122-150x150.png 150w, https:\/\/www.basiaudiofisarmonica.it\/wp-content\/uploads\/2019\/02\/Immagine-122-200x200.png 200w, https:\/\/www.basiaudiofisarmonica.it\/wp-content\/uploads\/2019\/02\/Immagine-122-100x100.png 100w, https:\/\/www.basiaudiofisarmonica.it\/wp-content\/uploads\/2019\/02\/Immagine-122-350x347.png 350w, https:\/\/www.basiaudiofisarmonica.it\/wp-content\/uploads\/2019\/02\/Immagine-122-300x298.png 300w, https:\/\/www.basiaudiofisarmonica.it\/wp-content\/uploads\/2019\/02\/Immagine-122-768x762.png 768w, https:\/\/www.basiaudiofisarmonica.it\/wp-content\/uploads\/2019\/02\/Immagine-122-60x60.png 60w, https:\/\/www.basiaudiofisarmonica.it\/wp-content\/uploads\/2019\/02\/Immagine-122.png 951w\" sizes=\"auto, (max-width: 150px) 100vw, 150px\" \/><\/a><a href=\"https:\/\/www.basiaudiofisarmonica.it\/wp-content\/uploads\/2019\/02\/Immagine-124.png\"><img loading=\"lazy\" decoding=\"async\" class=\"alignnone size-thumbnail wp-image-31689\" src=\"https:\/\/www.basiaudiofisarmonica.it\/wp-content\/uploads\/2019\/02\/Immagine-124-150x150.png\" alt=\"Immagine 124\" width=\"150\" height=\"150\" srcset=\"https:\/\/www.basiaudiofisarmonica.it\/wp-content\/uploads\/2019\/02\/Immagine-124-150x150.png 150w, https:\/\/www.basiaudiofisarmonica.it\/wp-content\/uploads\/2019\/02\/Immagine-124-200x200.png 200w, https:\/\/www.basiaudiofisarmonica.it\/wp-content\/uploads\/2019\/02\/Immagine-124-100x100.png 100w, https:\/\/www.basiaudiofisarmonica.it\/wp-content\/uploads\/2019\/02\/Immagine-124-350x350.png 350w, https:\/\/www.basiaudiofisarmonica.it\/wp-content\/uploads\/2019\/02\/Immagine-124-300x300.png 300w, https:\/\/www.basiaudiofisarmonica.it\/wp-content\/uploads\/2019\/02\/Immagine-124-768x768.png 768w, https:\/\/www.basiaudiofisarmonica.it\/wp-content\/uploads\/2019\/02\/Immagine-124-60x60.png 60w, https:\/\/www.basiaudiofisarmonica.it\/wp-content\/uploads\/2019\/02\/Immagine-124.png 951w\" sizes=\"auto, (max-width: 150px) 100vw, 150px\" \/><\/a><a href=\"https:\/\/www.basiaudiofisarmonica.it\/wp-content\/uploads\/2019\/02\/Immagine-125.png\"><img loading=\"lazy\" decoding=\"async\" class=\"alignnone size-thumbnail wp-image-31690\" src=\"https:\/\/www.basiaudiofisarmonica.it\/wp-content\/uploads\/2019\/02\/Immagine-125-150x150.png\" alt=\"Immagine 125\" width=\"150\" height=\"150\" \/><iframe loading=\"lazy\" src=\"https:\/\/www.youtube.com\/embed\/KecjWsyCOoY\" width=\"360\" height=\"215\" frameborder=\"0\" allowfullscreen=\"allowfullscreen\"><span data-mce-type=\"bookmark\" style=\"width: 0px;overflow: hidden;line-height: 0\" class=\"mce_SELRES_start\">\ufeff<\/span><\/iframe><\/a><\/p>\n","protected":false},"excerpt":{"rendered":"<p>(1979) el \u00e1lbum \u00abVoulez-Vous\u00bb de ABBA, sueco famoso pop grupo. Tras el enorme \u00e9xito de la versi\u00f3n en ingl\u00e9s, fue grabada en Espa\u00f1ol llegando a ser muy popular en Espa\u00f1a y Latinoam\u00e9rica.<\/p>\n","protected":false},"featured_media":80426,"template":"","meta":{"_acf_changed":false,"_joinchat":[],"jetpack_publicize_message":"","jetpack_publicize_feature_enabled":true,"jetpack_social_post_already_shared":false,"jetpack_social_options":{"image_generator_settings":{"template":"highway","default_image_id":0,"font":"","enabled":false},"version":2}},"product_brand":[],"product_cat":[4429,4159,4655,4419,5138,7365],"product_tag":[],"class_list":{"0":"post-50603","1":"product","2":"type-product","3":"status-publish","4":"has-post-thumbnail","6":"product_cat-anos-70","7":"product_cat-baile-de-salon","8":"product_cat-bandas-sonoras-de-peliculas","9":"product_cat-canciones-mujeres","10":"product_cat-cumbia-es","11":"product_cat-top-internacionales","12":"pa_cori-con-coros","13":"pa_cori-sin-coros","14":"pa_cori-solo-partituras-y-letras","15":"pa_formato-mp3-es","16":"pa_formato-solo-partituras-y-letras","17":"pa_formato-wav-16-bit-44-1-khz-alta-calidad","18":"pa_varianti-pista-sin-voz-sin-solo-guitarrapartituras-y-letrasdemo","19":"pa_varianti-pista-sin-vozpartituras-y-letrasdemo","20":"pa_varianti-solo-partituras-y-letras","22":"first","23":"instock","24":"sold-individually","25":"taxable","26":"shipping-taxable","27":"purchasable","28":"product-type-variable"},"exclude_global_add_ons":false,"addons":[{"name":"Esclusione Strumenti a scelta","type":"heading","position":0,"required":false,"title_format":"label","default":"","description_enable":false,"description":"","placeholder_enable":false,"placeholder":"","display":"select","restrictions_type":"any_text","adjust_price":false,"price":"","price_type":"flat_fee","restrictions":false,"min":"0","max":"0","options":[],"id":1708871801},{"name":"Exclusi\u00f3n de instrumentos","type":"custom_text","position":1,"required":false,"title_format":"label","default":"","description_enable":true,"description":"Indique aqu\u00ed el instrumento musical que desea eliminar:","placeholder_enable":false,"placeholder":"","display":"select","restrictions_type":"any_text","adjust_price":true,"price":"10","price_type":"quantity_based","restrictions":false,"min":"0","max":"0","options":[],"id":1708871802},{"name":"Cambio de velocidad","type":"heading","position":2,"required":false,"title_format":"label","default":"","description_enable":false,"description":"","placeholder_enable":false,"placeholder":"","display":"select","restrictions_type":"any_text","adjust_price":false,"price":"","price_type":"flat_fee","restrictions":false,"min":"0","max":"0","options":[],"id":1708871803},{"name":"Cambio velocit\u00e0 BPM","type":"custom_text","position":3,"required":false,"title_format":"label","default":"","description_enable":true,"description":"Indica la velocidad deseada en Bpm:","placeholder_enable":false,"placeholder":"","display":"select","restrictions_type":"any_text","adjust_price":true,"price":"2","price_type":"quantity_based","restrictions":false,"min":"0","max":"0","options":[],"id":1708871804},{"name":"Transporte Tonalidad","type":"heading","position":4,"required":false,"title_format":"label","default":"","description_enable":false,"description":"","placeholder_enable":false,"placeholder":"","display":"select","restrictions_type":"any_text","adjust_price":false,"price":"","price_type":"flat_fee","restrictions":false,"min":"0","max":"0","options":[],"id":1708871805},{"name":"Transporte Tonalidad","type":"multiple_choice","position":5,"required":false,"title_format":"hide","default":"","description_enable":true,"description":"Indica el cambio de tono deseado:","placeholder_enable":false,"placeholder":"","display":"select","restrictions_type":"any_text","adjust_price":false,"price":"","price_type":"flat_fee","restrictions":false,"min":"0","max":"0","options":[{"label":"+1 semitonos","price":"2","price_type":"quantity_based","image":0,"visibility":true},{"label":"+2 semitonos","price":"2","price_type":"quantity_based","image":0,"visibility":true},{"label":"+3 semitonos","price":"2","price_type":"quantity_based","image":0,"visibility":true},{"label":"-1 semitonos","price":"2","price_type":"quantity_based","image":0,"visibility":true},{"label":"-2 semitonos","price":"2","price_type":"quantity_based","image":0,"visibility":true},{"label":"-3 semitonos","price":"2","price_type":"quantity_based","image":0,"visibility":true}],"id":1708871806}],"acf":{"codice":"256","autori":"Benny Andersson-Bj\u00f6rn Ulvaeus","durata":"4'00''","metronomo":"98","tonalita":"SolM","testi":["1"],"spartiti":"Do Si\u266d Mi\u266d","baf_demo_track":50606},"aioseo_notices":[],"jetpack_publicize_connections":[],"_links":{"self":[{"href":"https:\/\/www.basiaudiofisarmonica.it\/es\/wp-json\/wp\/v2\/product\/50603","targetHints":{"allow":["GET"]}}],"collection":[{"href":"https:\/\/www.basiaudiofisarmonica.it\/es\/wp-json\/wp\/v2\/product"}],"about":[{"href":"https:\/\/www.basiaudiofisarmonica.it\/es\/wp-json\/wp\/v2\/types\/product"}],"wp:featuredmedia":[{"embeddable":true,"href":"https:\/\/www.basiaudiofisarmonica.it\/es\/wp-json\/wp\/v2\/media\/80426"}],"wp:attachment":[{"href":"https:\/\/www.basiaudiofisarmonica.it\/es\/wp-json\/wp\/v2\/media?parent=50603"}],"wp:term":[{"taxonomy":"product_brand","embeddable":true,"href":"https:\/\/www.basiaudiofisarmonica.it\/es\/wp-json\/wp\/v2\/product_brand?post=50603"},{"taxonomy":"product_cat","embeddable":true,"href":"https:\/\/www.basiaudiofisarmonica.it\/es\/wp-json\/wp\/v2\/product_cat?post=50603"},{"taxonomy":"product_tag","embeddable":true,"href":"https:\/\/www.basiaudiofisarmonica.it\/es\/wp-json\/wp\/v2\/product_tag?post=50603"}],"curies":[{"name":"wp","href":"https:\/\/api.w.org\/{rel}","templated":true}]}}