{"id":41651,"date":"2012-09-15T20:07:51","date_gmt":"2012-09-15T18:07:51","guid":{"rendered":"https:\/\/www.basiaudiofisarmonica.it\/inicio\/"},"modified":"2012-09-15T20:07:51","modified_gmt":"2012-09-15T20:07:51","slug":"inicio","status":"publish","type":"page","link":"https:\/\/www.basiaudiofisarmonica.it\/es\/","title":{"rendered":"Inicio"},"content":{"rendered":"<p>Querido Amigo\/Amiga m\u00fasico,<br \/>\nbienvenido en el sitio web que te permitir\u00e1 crearte un amplio repertorio con las mejores pistas para acorde\u00f3n <span class=\"Apple-style-span\">instrumentos de viento<\/span> y cantantes, exaltando al m\u00e1ximo tu maestr\u00eda! Nuestras pistas de acompa\u00f1amiento est\u00e1n realizadas en vivo, en estilo de baile a la italiana, para ti, que quieres siempre lo m\u00e1ximo c\u00f3mo pretende tambi\u00e9n tu p\u00fablico!<br \/>\nEntra en el <a href=\"https:\/\/www.basiaudiofisarmonica.it\/catalogo\/\">Cat\u00e1logo<\/a> y escucha las Demo&#8230;<\/p>\n","protected":false},"excerpt":{"rendered":"<p>Querido Amigo\/Amiga m\u00fasico, bienvenido en el sitio web que te permitir\u00e1 crearte un amplio repertorio con las mejores pistas para acorde\u00f3n instrumentos de viento y cantantes, exaltando al m\u00e1ximo tu maestr\u00eda! Nuestras pistas de acompa\u00f1amiento est\u00e1n realizadas en vivo, en estilo de baile a la italiana, para ti, que quieres siempre lo m\u00e1ximo c\u00f3mo pretende&hellip;<\/p>\n<p><a class=\"more-link\" href=\"https:\/\/www.basiaudiofisarmonica.it\/es\/\" title=\"Seguir leyendo &lsquo;Inicio&rsquo;\">Sigue leyendo <span class=\"meta-nav\">&rarr;<\/span><\/a><\/p>\n","protected":false},"author":4,"featured_media":0,"parent":0,"menu_order":0,"comment_status":"closed","ping_status":"closed","template":"page-templates\/front-page.php","meta":{"_acf_changed":false,"_joinchat":[],"footnotes":""},"class_list":["post-41651","page","type-page","status-publish","hentry"],"acf":[],"aioseo_notices":[],"_links":{"self":[{"href":"https:\/\/www.basiaudiofisarmonica.it\/es\/wp-json\/wp\/v2\/pages\/41651","targetHints":{"allow":["GET"]}}],"collection":[{"href":"https:\/\/www.basiaudiofisarmonica.it\/es\/wp-json\/wp\/v2\/pages"}],"about":[{"href":"https:\/\/www.basiaudiofisarmonica.it\/es\/wp-json\/wp\/v2\/types\/page"}],"author":[{"embeddable":true,"href":"https:\/\/www.basiaudiofisarmonica.it\/es\/wp-json\/wp\/v2\/users\/4"}],"replies":[{"embeddable":true,"href":"https:\/\/www.basiaudiofisarmonica.it\/es\/wp-json\/wp\/v2\/comments?post=41651"}],"version-history":[{"count":0,"href":"https:\/\/www.basiaudiofisarmonica.it\/es\/wp-json\/wp\/v2\/pages\/41651\/revisions"}],"wp:attachment":[{"href":"https:\/\/www.basiaudiofisarmonica.it\/es\/wp-json\/wp\/v2\/media?parent=41651"}],"curies":[{"name":"wp","href":"https:\/\/api.w.org\/{rel}","templated":true}]}}