{"id":52109,"date":"2021-02-26T19:52:36","date_gmt":"2021-02-26T18:52:36","guid":{"rendered":"https:\/\/www.basiaudiofisarmonica.it\/prodotto\/uncategorized\/%product_name%\/odissea-veneziana-venetian-odyssey-80s-ballad\/"},"modified":"2021-02-26T19:52:36","modified_gmt":"2021-02-26T18:52:36","slug":"odissea-veneziana-venetian-odyssey-80s-ballad","status":"publish","type":"product","link":"https:\/\/www.basiaudiofisarmonica.it\/en\/product\/standard-ballroom-dance\/ballad\/odissea-veneziana-venetian-odyssey-80s-ballad\/","title":{"rendered":"ODISSEA VENEZIANA (VENETIAN ODYSSEY) 80&#8217;s ballad"},"content":{"rendered":"<p><a href=\"https:\/\/www.basiaudiofisarmonica.it\/wp-content\/uploads\/2013\/07\/Immagine-746.png\"><img loading=\"lazy\" decoding=\"async\" class=\"alignnone size-thumbnail wp-image-36538\" src=\"https:\/\/www.basiaudiofisarmonica.it\/wp-content\/uploads\/2013\/07\/Immagine-746-150x150.png\" alt=\"\" width=\"150\" height=\"150\" srcset=\"https:\/\/www.basiaudiofisarmonica.it\/wp-content\/uploads\/2013\/07\/Immagine-746-150x150.png 150w, https:\/\/www.basiaudiofisarmonica.it\/wp-content\/uploads\/2013\/07\/Immagine-746-60x60.png 60w, https:\/\/www.basiaudiofisarmonica.it\/wp-content\/uploads\/2013\/07\/Immagine-746-200x200.png 200w, https:\/\/www.basiaudiofisarmonica.it\/wp-content\/uploads\/2013\/07\/Immagine-746-100x100.png 100w\" sizes=\"auto, (max-width: 150px) 100vw, 150px\" \/><\/a><a href=\"https:\/\/www.basiaudiofisarmonica.it\/wp-content\/uploads\/2013\/07\/Immagine-748.png\"><img loading=\"lazy\" decoding=\"async\" class=\"alignnone size-thumbnail wp-image-36539\" src=\"https:\/\/www.basiaudiofisarmonica.it\/wp-content\/uploads\/2013\/07\/Immagine-748-150x150.png\" alt=\"\" width=\"150\" height=\"150\" srcset=\"https:\/\/www.basiaudiofisarmonica.it\/wp-content\/uploads\/2013\/07\/Immagine-748-150x150.png 150w, https:\/\/www.basiaudiofisarmonica.it\/wp-content\/uploads\/2013\/07\/Immagine-748-60x60.png 60w, https:\/\/www.basiaudiofisarmonica.it\/wp-content\/uploads\/2013\/07\/Immagine-748-200x200.png 200w, https:\/\/www.basiaudiofisarmonica.it\/wp-content\/uploads\/2013\/07\/Immagine-748-100x100.png 100w\" sizes=\"auto, (max-width: 150px) 100vw, 150px\" \/><\/a><a href=\"https:\/\/www.basiaudiofisarmonica.it\/wp-content\/uploads\/2013\/07\/Immagine-749.png\"><img loading=\"lazy\" decoding=\"async\" class=\"alignnone size-thumbnail wp-image-36540\" src=\"https:\/\/www.basiaudiofisarmonica.it\/wp-content\/uploads\/2013\/07\/Immagine-749-150x150.png\" alt=\"\" width=\"150\" height=\"150\" srcset=\"https:\/\/www.basiaudiofisarmonica.it\/wp-content\/uploads\/2013\/07\/Immagine-749-150x150.png 150w, https:\/\/www.basiaudiofisarmonica.it\/wp-content\/uploads\/2013\/07\/Immagine-749-60x60.png 60w, https:\/\/www.basiaudiofisarmonica.it\/wp-content\/uploads\/2013\/07\/Immagine-749-200x200.png 200w, https:\/\/www.basiaudiofisarmonica.it\/wp-content\/uploads\/2013\/07\/Immagine-749-100x100.png 100w\" sizes=\"auto, (max-width: 150px) 100vw, 150px\" \/><\/a><\/p>\n<p style=\"text-align: left\"><iframe loading=\"lazy\" src=\"\/\/www.youtube.com\/embed\/rCICeNUAAKc?rel=0\" width=\"360\" height=\"215\" frameborder=\"0\"><\/iframe><\/p>\n<p><a href=\"https:\/\/www.basiaudiofisarmonica.it\/wp-content\/uploads\/2013\/07\/Immagine-746.png\"><img loading=\"lazy\" decoding=\"async\" class=\"alignnone size-thumbnail wp-image-36538\" src=\"https:\/\/www.basiaudiofisarmonica.it\/wp-content\/uploads\/2013\/07\/Immagine-746-150x150.png\" alt=\"\" width=\"150\" height=\"150\" srcset=\"https:\/\/www.basiaudiofisarmonica.it\/wp-content\/uploads\/2013\/07\/Immagine-746-150x150.png 150w, https:\/\/www.basiaudiofisarmonica.it\/wp-content\/uploads\/2013\/07\/Immagine-746-60x60.png 60w, https:\/\/www.basiaudiofisarmonica.it\/wp-content\/uploads\/2013\/07\/Immagine-746-200x200.png 200w, https:\/\/www.basiaudiofisarmonica.it\/wp-content\/uploads\/2013\/07\/Immagine-746-100x100.png 100w\" sizes=\"auto, (max-width: 150px) 100vw, 150px\" \/><\/a><a href=\"https:\/\/www.basiaudiofisarmonica.it\/wp-content\/uploads\/2013\/07\/Immagine-748.png\"><img loading=\"lazy\" decoding=\"async\" class=\"alignnone size-thumbnail wp-image-36539\" src=\"https:\/\/www.basiaudiofisarmonica.it\/wp-content\/uploads\/2013\/07\/Immagine-748-150x150.png\" alt=\"\" width=\"150\" height=\"150\" srcset=\"https:\/\/www.basiaudiofisarmonica.it\/wp-content\/uploads\/2013\/07\/Immagine-748-150x150.png 150w, https:\/\/www.basiaudiofisarmonica.it\/wp-content\/uploads\/2013\/07\/Immagine-748-60x60.png 60w, https:\/\/www.basiaudiofisarmonica.it\/wp-content\/uploads\/2013\/07\/Immagine-748-200x200.png 200w, https:\/\/www.basiaudiofisarmonica.it\/wp-content\/uploads\/2013\/07\/Immagine-748-100x100.png 100w\" sizes=\"auto, (max-width: 150px) 100vw, 150px\" \/><\/a><a href=\"https:\/\/www.basiaudiofisarmonica.it\/wp-content\/uploads\/2013\/07\/Immagine-749.png\"><img loading=\"lazy\" decoding=\"async\" class=\"alignnone size-thumbnail wp-image-36540\" src=\"https:\/\/www.basiaudiofisarmonica.it\/wp-content\/uploads\/2013\/07\/Immagine-749-150x150.png\" alt=\"\" width=\"150\" height=\"150\" srcset=\"https:\/\/www.basiaudiofisarmonica.it\/wp-content\/uploads\/2013\/07\/Immagine-749-150x150.png 150w, https:\/\/www.basiaudiofisarmonica.it\/wp-content\/uploads\/2013\/07\/Immagine-749-60x60.png 60w, https:\/\/www.basiaudiofisarmonica.it\/wp-content\/uploads\/2013\/07\/Immagine-749-200x200.png 200w, https:\/\/www.basiaudiofisarmonica.it\/wp-content\/uploads\/2013\/07\/Immagine-749-100x100.png 100w\" sizes=\"auto, (max-width: 150px) 100vw, 150px\" \/><\/a><\/p>\n<p style=\"text-align: left\"><iframe loading=\"lazy\" src=\"\/\/www.youtube.com\/embed\/rCICeNUAAKc?rel=0\" width=\"360\" height=\"215\" frameborder=\"0\"><\/iframe><\/p>\n<p><a href=\"https:\/\/www.basiaudiofisarmonica.it\/wp-content\/uploads\/2013\/07\/Immagine-746.png\"><img loading=\"lazy\" decoding=\"async\" class=\"alignnone size-thumbnail wp-image-36538\" src=\"https:\/\/www.basiaudiofisarmonica.it\/wp-content\/uploads\/2013\/07\/Immagine-746-150x150.png\" alt=\"\" width=\"150\" height=\"150\" srcset=\"https:\/\/www.basiaudiofisarmonica.it\/wp-content\/uploads\/2013\/07\/Immagine-746-150x150.png 150w, https:\/\/www.basiaudiofisarmonica.it\/wp-content\/uploads\/2013\/07\/Immagine-746-60x60.png 60w, https:\/\/www.basiaudiofisarmonica.it\/wp-content\/uploads\/2013\/07\/Immagine-746-200x200.png 200w, https:\/\/www.basiaudiofisarmonica.it\/wp-content\/uploads\/2013\/07\/Immagine-746-100x100.png 100w\" sizes=\"auto, (max-width: 150px) 100vw, 150px\" \/><\/a><a href=\"https:\/\/www.basiaudiofisarmonica.it\/wp-content\/uploads\/2013\/07\/Immagine-748.png\"><img loading=\"lazy\" decoding=\"async\" class=\"alignnone size-thumbnail wp-image-36539\" src=\"https:\/\/www.basiaudiofisarmonica.it\/wp-content\/uploads\/2013\/07\/Immagine-748-150x150.png\" alt=\"\" width=\"150\" height=\"150\" srcset=\"https:\/\/www.basiaudiofisarmonica.it\/wp-content\/uploads\/2013\/07\/Immagine-748-150x150.png 150w, https:\/\/www.basiaudiofisarmonica.it\/wp-content\/uploads\/2013\/07\/Immagine-748-60x60.png 60w, https:\/\/www.basiaudiofisarmonica.it\/wp-content\/uploads\/2013\/07\/Immagine-748-200x200.png 200w, https:\/\/www.basiaudiofisarmonica.it\/wp-content\/uploads\/2013\/07\/Immagine-748-100x100.png 100w\" sizes=\"auto, (max-width: 150px) 100vw, 150px\" \/><\/a><a href=\"https:\/\/www.basiaudiofisarmonica.it\/wp-content\/uploads\/2013\/07\/Immagine-749.png\"><img loading=\"lazy\" decoding=\"async\" class=\"alignnone size-thumbnail wp-image-36540\" src=\"https:\/\/www.basiaudiofisarmonica.it\/wp-content\/uploads\/2013\/07\/Immagine-749-150x150.png\" alt=\"\" width=\"150\" height=\"150\" srcset=\"https:\/\/www.basiaudiofisarmonica.it\/wp-content\/uploads\/2013\/07\/Immagine-749-150x150.png 150w, https:\/\/www.basiaudiofisarmonica.it\/wp-content\/uploads\/2013\/07\/Immagine-749-60x60.png 60w, https:\/\/www.basiaudiofisarmonica.it\/wp-content\/uploads\/2013\/07\/Immagine-749-200x200.png 200w, https:\/\/www.basiaudiofisarmonica.it\/wp-content\/uploads\/2013\/07\/Immagine-749-100x100.png 100w\" sizes=\"auto, (max-width: 150px) 100vw, 150px\" \/><\/a><\/p>\n<p style=\"text-align: left\"><iframe loading=\"lazy\" src=\"\/\/www.youtube.com\/embed\/rCICeNUAAKc?rel=0\" width=\"360\" height=\"215\" frameborder=\"0\"><\/iframe><\/p>\n<p><a href=\"https:\/\/www.basiaudiofisarmonica.it\/wp-content\/uploads\/2013\/07\/Immagine-746.png\"><img loading=\"lazy\" decoding=\"async\" class=\"alignnone size-thumbnail wp-image-36538\" src=\"https:\/\/www.basiaudiofisarmonica.it\/wp-content\/uploads\/2013\/07\/Immagine-746-150x150.png\" alt=\"\" width=\"150\" height=\"150\" srcset=\"https:\/\/www.basiaudiofisarmonica.it\/wp-content\/uploads\/2013\/07\/Immagine-746-150x150.png 150w, https:\/\/www.basiaudiofisarmonica.it\/wp-content\/uploads\/2013\/07\/Immagine-746-60x60.png 60w, https:\/\/www.basiaudiofisarmonica.it\/wp-content\/uploads\/2013\/07\/Immagine-746-200x200.png 200w, https:\/\/www.basiaudiofisarmonica.it\/wp-content\/uploads\/2013\/07\/Immagine-746-100x100.png 100w\" sizes=\"auto, (max-width: 150px) 100vw, 150px\" \/><\/a><a href=\"https:\/\/www.basiaudiofisarmonica.it\/wp-content\/uploads\/2013\/07\/Immagine-748.png\"><img loading=\"lazy\" decoding=\"async\" class=\"alignnone size-thumbnail wp-image-36539\" src=\"https:\/\/www.basiaudiofisarmonica.it\/wp-content\/uploads\/2013\/07\/Immagine-748-150x150.png\" alt=\"\" width=\"150\" height=\"150\" srcset=\"https:\/\/www.basiaudiofisarmonica.it\/wp-content\/uploads\/2013\/07\/Immagine-748-150x150.png 150w, https:\/\/www.basiaudiofisarmonica.it\/wp-content\/uploads\/2013\/07\/Immagine-748-60x60.png 60w, https:\/\/www.basiaudiofisarmonica.it\/wp-content\/uploads\/2013\/07\/Immagine-748-200x200.png 200w, https:\/\/www.basiaudiofisarmonica.it\/wp-content\/uploads\/2013\/07\/Immagine-748-100x100.png 100w\" sizes=\"auto, (max-width: 150px) 100vw, 150px\" \/><\/a><a href=\"https:\/\/www.basiaudiofisarmonica.it\/wp-content\/uploads\/2013\/07\/Immagine-749.png\"><img loading=\"lazy\" decoding=\"async\" class=\"alignnone size-thumbnail wp-image-36540\" src=\"https:\/\/www.basiaudiofisarmonica.it\/wp-content\/uploads\/2013\/07\/Immagine-749-150x150.png\" alt=\"\" width=\"150\" height=\"150\" srcset=\"https:\/\/www.basiaudiofisarmonica.it\/wp-content\/uploads\/2013\/07\/Immagine-749-150x150.png 150w, https:\/\/www.basiaudiofisarmonica.it\/wp-content\/uploads\/2013\/07\/Immagine-749-60x60.png 60w, https:\/\/www.basiaudiofisarmonica.it\/wp-content\/uploads\/2013\/07\/Immagine-749-200x200.png 200w, https:\/\/www.basiaudiofisarmonica.it\/wp-content\/uploads\/2013\/07\/Immagine-749-100x100.png 100w\" sizes=\"auto, (max-width: 150px) 100vw, 150px\" \/><\/a><\/p>\n<p style=\"text-align: left\"><iframe loading=\"lazy\" src=\"\/\/www.youtube.com\/embed\/rCICeNUAAKc?rel=0\" width=\"360\" height=\"215\" frameborder=\"0\"><\/iframe><\/p>\n","protected":false},"excerpt":{"rendered":"<p>(1984) from the Album &#8220;Rond\u00f2 Veneziano&#8221;(1984) from the Album &#8220;Rond\u00f2 Veneziano&#8221;(1984) from the Album &#8220;Rond\u00f2 Veneziano&#8221;(1984) from the Album &#8220;Rond\u00f2 Veneziano&#8221;<\/p>\n","protected":false},"featured_media":80084,"template":"","meta":{"_acf_changed":false,"_joinchat":[],"jetpack_publicize_message":"","jetpack_publicize_feature_enabled":true,"jetpack_social_post_already_shared":false,"jetpack_social_options":{"image_generator_settings":{"template":"highway","default_image_id":0,"font":"","enabled":false},"version":2}},"product_brand":[],"product_cat":[4074,4054,4186,4431,4156,7362,4181],"product_tag":[5021,6685],"class_list":{"0":"post-52109","1":"product","2":"type-product","3":"status-publish","4":"has-post-thumbnail","6":"product_cat-ballad","7":"product_cat-concert","8":"product_cat-instrumental","9":"product_cat-songs-of-the-80s","10":"product_cat-standard-ballroom-dance","11":"product_cat-top-international","12":"product_cat-virtuosity","13":"product_tag-fisarmonica-en","14":"product_tag-rondo-veneziano-en","15":"pa_esclusione-strumenti-no-exclusion","16":"pa_esclusione-strumenti-only-sheet-music-and-lyrics","17":"pa_esclusione-strumenti-without-distorted-guitar","18":"pa_formato-mp3-en","19":"pa_formato-only-sheet-music-and-lyrics","20":"pa_formato-wav-16-bit-44-1-khz-high-quality","21":"pa_varianti-backing-track-no-stringssheet-music-and-lyricsdemo","22":"pa_varianti-backing-tracksheet-music-and-lyricsdemo","23":"pa_varianti-full-track-lead-accordionsheet-music-and-lyrics","24":"pa_varianti-full-track-lead-stringssheet-music-and-lyrics","25":"pa_varianti-only-sheet-music-and-lyrics","27":"first","28":"instock","29":"sold-individually","30":"taxable","31":"shipping-taxable","32":"purchasable","33":"product-type-variable"},"exclude_global_add_ons":false,"addons":[{"name":"Exclusion Choice Instruments","type":"heading","position":0,"required":false,"title_format":"label","default":"","description_enable":false,"description":"","placeholder_enable":false,"placeholder":"","display":"select","restrictions_type":"any_text","adjust_price":false,"price":"","price_type":"flat_fee","restrictions":false,"min":"0","max":"0","options":[],"id":1708871801},{"name":"Instrument exclusion","type":"custom_text","position":1,"required":false,"title_format":"label","default":"","description_enable":true,"description":"Indicate here the musical instrument you wish to remove:","placeholder_enable":false,"placeholder":"","display":"select","restrictions_type":"any_text","adjust_price":true,"price":"10","price_type":"quantity_based","restrictions":false,"min":"0","max":"0","options":[],"id":1708871802},{"name":"Speed change","type":"heading","position":2,"required":false,"title_format":"label","default":"","description_enable":false,"description":"","placeholder_enable":false,"placeholder":"","display":"select","restrictions_type":"any_text","adjust_price":false,"price":"","price_type":"flat_fee","restrictions":false,"min":"0","max":"0","options":[],"id":1708871803},{"name":"BPM speed change","type":"custom_text","position":3,"required":false,"title_format":"label","default":"","description_enable":true,"description":"Indicates the desired speed in Bpm:","placeholder_enable":false,"placeholder":"","display":"select","restrictions_type":"any_text","adjust_price":true,"price":"2","price_type":"quantity_based","restrictions":false,"min":"0","max":"0","options":[],"id":1708871804},{"name":"Transport Tone","type":"heading","position":4,"required":false,"title_format":"label","default":"","description_enable":false,"description":"","placeholder_enable":false,"placeholder":"","display":"select","restrictions_type":"any_text","adjust_price":false,"price":"","price_type":"flat_fee","restrictions":false,"min":"0","max":"0","options":[],"id":1708871805},{"name":"Transport Tone","type":"multiple_choice","position":5,"required":false,"title_format":"hide","default":"","description_enable":true,"description":"Indicates the desired tone change:","placeholder_enable":false,"placeholder":"","display":"select","restrictions_type":"any_text","adjust_price":false,"price":"","price_type":"flat_fee","restrictions":false,"min":"0","max":"0","options":[{"label":"+1 semitones","price":"2","price_type":"quantity_based","image":0,"visibility":true},{"label":"+2 semitones","price":"2","price_type":"quantity_based","image":0,"visibility":true},{"label":"+3 semitones","price":"2","price_type":"quantity_based","image":0,"visibility":true},{"label":"-1 semitones","price":"2","price_type":"quantity_based","image":0,"visibility":true},{"label":"-2 semitones","price":"2","price_type":"quantity_based","image":0,"visibility":true},{"label":"-3 semitones","price":"2","price_type":"quantity_based","image":0,"visibility":true}],"id":1708871806}],"acf":{"codice":"116","autori":"G.P.Reverberi-D.Farina","durata":"2'49''","metronomo":"96","tonalita":"Am_Dm","testi":"","spartiti":"C B\u266d E\u266d","baf_demo_track":52111},"aioseo_notices":[],"jetpack_publicize_connections":[],"_links":{"self":[{"href":"https:\/\/www.basiaudiofisarmonica.it\/en\/wp-json\/wp\/v2\/product\/52109","targetHints":{"allow":["GET"]}}],"collection":[{"href":"https:\/\/www.basiaudiofisarmonica.it\/en\/wp-json\/wp\/v2\/product"}],"about":[{"href":"https:\/\/www.basiaudiofisarmonica.it\/en\/wp-json\/wp\/v2\/types\/product"}],"wp:featuredmedia":[{"embeddable":true,"href":"https:\/\/www.basiaudiofisarmonica.it\/en\/wp-json\/wp\/v2\/media\/80084"}],"wp:attachment":[{"href":"https:\/\/www.basiaudiofisarmonica.it\/en\/wp-json\/wp\/v2\/media?parent=52109"}],"wp:term":[{"taxonomy":"product_brand","embeddable":true,"href":"https:\/\/www.basiaudiofisarmonica.it\/en\/wp-json\/wp\/v2\/product_brand?post=52109"},{"taxonomy":"product_cat","embeddable":true,"href":"https:\/\/www.basiaudiofisarmonica.it\/en\/wp-json\/wp\/v2\/product_cat?post=52109"},{"taxonomy":"product_tag","embeddable":true,"href":"https:\/\/www.basiaudiofisarmonica.it\/en\/wp-json\/wp\/v2\/product_tag?post=52109"}],"curies":[{"name":"wp","href":"https:\/\/api.w.org\/{rel}","templated":true}]}}