{"id":41650,"date":"2012-09-15T20:07:51","date_gmt":"2012-09-15T18:07:51","guid":{"rendered":"https:\/\/www.basiaudiofisarmonica.it\/startseite\/"},"modified":"2012-09-15T20:07:51","modified_gmt":"2012-09-15T20:07:51","slug":"startseite","status":"publish","type":"page","link":"https:\/\/www.basiaudiofisarmonica.it\/de\/","title":{"rendered":"Startseite"},"content":{"rendered":"<p>Lieber Musikfreund,<br \/>\nherzlich willkommen auf der Webseite mit einen riesigen Repertoire von live-eingespielten Audioplaybacks f\u00fcr Akkordeon, Blasinstrumente und S\u00e4nger. Hier findest du die besten und ber\u00fchmtesten Standardt\u00e4nze. Mit unseren Audioplaybacks wird jeder Auftritt und Konzert zum sicheren Erfolg. Gehe zum <a href=\"https:\/\/www.basiaudiofisarmonica.it\/de\/katalog\/\">Katalog<\/a> und h\u00f6re Dir die Demos an, lass dich von der Qualit\u00e4t \u00fcberraschen&#8230;<\/p>\n","protected":false},"excerpt":{"rendered":"<p>Lieber Musikfreund, herzlich willkommen auf der Webseite mit einen riesigen Repertoire von live-eingespielten Audioplaybacks f\u00fcr Akkordeon, Blasinstrumente und S\u00e4nger. Hier findest du die besten und ber\u00fchmtesten Standardt\u00e4nze. Mit unseren Audioplaybacks wird jeder Auftritt und Konzert zum sicheren Erfolg. Gehe zum Katalog und h\u00f6re Dir die Demos an, lass dich von der Qualit\u00e4t \u00fcberraschen&#8230;<\/p>\n","protected":false},"author":4,"featured_media":0,"parent":0,"menu_order":0,"comment_status":"closed","ping_status":"closed","template":"page-templates\/front-page.php","meta":{"_acf_changed":false,"_joinchat":[],"footnotes":""},"class_list":["post-41650","page","type-page","status-publish","hentry"],"acf":[],"aioseo_notices":[],"_links":{"self":[{"href":"https:\/\/www.basiaudiofisarmonica.it\/de\/wp-json\/wp\/v2\/pages\/41650","targetHints":{"allow":["GET"]}}],"collection":[{"href":"https:\/\/www.basiaudiofisarmonica.it\/de\/wp-json\/wp\/v2\/pages"}],"about":[{"href":"https:\/\/www.basiaudiofisarmonica.it\/de\/wp-json\/wp\/v2\/types\/page"}],"author":[{"embeddable":true,"href":"https:\/\/www.basiaudiofisarmonica.it\/de\/wp-json\/wp\/v2\/users\/4"}],"replies":[{"embeddable":true,"href":"https:\/\/www.basiaudiofisarmonica.it\/de\/wp-json\/wp\/v2\/comments?post=41650"}],"version-history":[{"count":0,"href":"https:\/\/www.basiaudiofisarmonica.it\/de\/wp-json\/wp\/v2\/pages\/41650\/revisions"}],"wp:attachment":[{"href":"https:\/\/www.basiaudiofisarmonica.it\/de\/wp-json\/wp\/v2\/media?parent=41650"}],"curies":[{"name":"wp","href":"https:\/\/api.w.org\/{rel}","templated":true}]}}